{"id":113,"date":"2023-05-20T16:20:10","date_gmt":"2023-05-20T14:20:10","guid":{"rendered":"http:\/\/xn--gtes-saint-vran-mnb7e.fr\/?page_id=113"},"modified":"2025-06-05T11:10:43","modified_gmt":"2025-06-05T09:10:43","slug":"plan-dacces-et-informations-diverses","status":"publish","type":"page","link":"https:\/\/xn--gtes-saint-vran-mnb7e.fr\/?page_id=113","title":{"rendered":"Plan d\u2019acc\u00e8s et informations diverses"},"content":{"rendered":"\n<p>Acc\u00e8s direct au CHALET LES CLARINES :<br>A la hauteur de l&#8217; \u00c9glise R\u00e9form\u00e9e ( Temple ) , prendre la route \u00e0 droite qui descend l\u00e9g\u00e8rement<br>jusqu&#8217; au niveau d&#8217; une fontaine ( environ 100 m ).&nbsp;<\/p>\n\n\n\n<p>Le chalet se situe \u00e0 gauche apr\u00e8s cette fontaine .<br>La porte d&#8217; entr\u00e9e du rez de chauss\u00e9e est toujours ouverte .<br>Si souci me contacter: 06 78 05 17 63<\/p>\n\n\n\n<p><strong>Droit de circulation dans le village toute l&#8217;ann\u00e9e (parkings avec horodateurs).<\/strong><br><br><\/p>\n\n\n\n<figure class=\"wp-block-image size-full\"><img loading=\"lazy\" decoding=\"async\" width=\"917\" height=\"525\" src=\"https:\/\/xn--gtes-saint-vran-mnb7e.fr\/wp-content\/uploads\/2023\/05\/plan-dacces.png\" alt=\"\" class=\"wp-image-114\" srcset=\"https:\/\/xn--gtes-saint-vran-mnb7e.fr\/wp-content\/uploads\/2023\/05\/plan-dacces.png 917w, https:\/\/xn--gtes-saint-vran-mnb7e.fr\/wp-content\/uploads\/2023\/05\/plan-dacces-300x172.png 300w, https:\/\/xn--gtes-saint-vran-mnb7e.fr\/wp-content\/uploads\/2023\/05\/plan-dacces-768x440.png 768w\" sizes=\"auto, (max-width: 917px) 100vw, 917px\" \/><\/figure>\n\n\n\n<p>-Les locations sont uniquement \u00e0 la semaine:<\/p>\n\n\n\n<p>Du samedi 16h00 au samedi suivant 10h00.<\/p>\n\n\n\n<p>-ANIMAUX:<\/p>\n\n\n\n<p>Nous ne pouvons pas accueillir nos amis les chiens!<\/p>\n\n\n\n<p>-G\u00eetes NON FUMEURS.<\/p>\n\n\n\n<p>-Nous mettons \u00e0 votre disposition :<\/p>\n\n\n\n<p>&nbsp; &nbsp; &nbsp; &nbsp; &nbsp; &nbsp; &nbsp; &nbsp; &nbsp; -Mat\u00e9riel b\u00e9b\u00e9.<\/p>\n\n\n\n<p>&nbsp; &nbsp; &nbsp; &nbsp; &nbsp; &nbsp; &nbsp; &nbsp; &nbsp; &#8211; Appareil \u00e0 raclette \/appareil fondue.<\/p>\n\n\n\n<figure class=\"wp-block-image size-full\"><img loading=\"lazy\" decoding=\"async\" width=\"737\" height=\"609\" src=\"https:\/\/xn--gtes-saint-vran-mnb7e.fr\/wp-content\/uploads\/2023\/05\/38996fa216071d4c3675f76e6a1dca73.png\" alt=\"\" class=\"wp-image-115\" srcset=\"https:\/\/xn--gtes-saint-vran-mnb7e.fr\/wp-content\/uploads\/2023\/05\/38996fa216071d4c3675f76e6a1dca73.png 737w, https:\/\/xn--gtes-saint-vran-mnb7e.fr\/wp-content\/uploads\/2023\/05\/38996fa216071d4c3675f76e6a1dca73-300x248.png 300w\" sizes=\"auto, (max-width: 737px) 100vw, 737px\" \/><\/figure>\n\n\n\n<p>AVIS A NOS CHERS LOCATAIRES<\/p>\n\n\n\n<p>1. Vous pouvez stationner devant le chalet pour d\u00e9charger et recharger votre v\u00e9hicule . Apr\u00e8s il est indispensable de stationner au parking EST situ\u00e9 au- dessus du chalet ou au rond point de Ste Luce ( d\u00e9part des navettes en \u00e9t\u00e9 via le fond de vall\u00e9e ) .<\/p>\n\n\n\n<p>Un sentier accessible uniquement en \u00e9t\u00e9 rejoint le parking et la porte nord du chalet au 2\u00e8me niveau .<\/p>\n\n\n\n<p>2 . MERCI de penser \u00e0 fermer l\u2019 arriv\u00e9e du gaz lorsque vous partez en promenade et en fin de s\u00e9jour&nbsp;.<\/p>\n\n\n\n<p>3 . Quand vous ouvrez les fen\u00eatres pour a\u00e9rer , penser bien \u00e0 fermer les radiateurs .<\/p>\n\n\n\n<p>4 . Les ordures m\u00e9nag\u00e8res et le sac de tri s\u00e9lectif ( emballages , papier , verre ) sont \u00e0 d\u00e9poser dans les mollok situ\u00e9s \u00e0 gauche du parking EST&nbsp;.<\/p>\n\n\n\n<p>En \u00e9t\u00e9 vous pouvez d\u00e9poser les \u00e9pluchures dans notre compost ( sur le terrain nord \u00e0 gauche du lilas ) \u2026. ou dans le compost municipal pr\u00e8s des mollok .<\/p>\n\n\n\n<p>Les cartons sont collect\u00e9s dans un cabanon attenant au chalet des Routiers ( face au sculpteur Mr Brunet ).<\/p>\n\n\n\n<p>5. En raison de la sonorit\u00e9 du chalet ( parquets en bois) soyez discrets , songez que vous auriez pu \u00eatre \u00e0 leur place ( les voisins du dessous )&nbsp;!<\/p>\n\n\n\n<p>6. I l est indispensable pour que nous puissions conserver les prix de location qui sont parmi les plus bas de la station que les g\u00eetes soient laiss\u00e9s dans un \u00e9tat de propret\u00e9 &#8230;comme vous l\u2019 avez trouv\u00e9 \u00e0 votre arriv\u00e9e&nbsp;!<\/p>\n\n\n\n<p>7. Au rez de chauss\u00e9e du chalet une machine \u00e0 laver le linge et un n\u00e9cessaire \u00e0 repasser sont \u00e0 la disposition des locataires ( voir les recommandations pr\u00e8s de l\u2019 appareil m\u00e9nager ) .<\/p>\n\n\n\n<p>8 . Un appareil \u00e0 raclette et un appareil \u00e0 fondue peuvent \u00eatre r\u00e9serv\u00e9s aupr\u00e8s d\u2019 Odile .<\/p>\n\n\n\n<p>9 . Merci de nous faire part de vos suggestions ( bo\u00eete pr\u00e9vue \u00e0 cet usage au rez de chauss\u00e9e ).<\/p>\n\n\n\n<p>Nous nous efforcerons toujours de satisfaire vos remarques dans la mesure du possible .<\/p>\n","protected":false},"excerpt":{"rendered":"<p>Acc\u00e8s direct au CHALET LES CLARINES :A la hauteur de l&#8217; \u00c9glise R\u00e9form\u00e9e ( Temple ) , prendre la route \u00e0 droite qui descend l\u00e9g\u00e8rementjusqu&#8217; au niveau d&#8217; une fontaine ( environ 100 m ).&nbsp; Le chalet se situe \u00e0 gauche apr\u00e8s cette fontaine .La porte d&#8217; entr\u00e9e du rez de chauss\u00e9e est toujours ouverte&hellip; <a class=\"more-link\" href=\"https:\/\/xn--gtes-saint-vran-mnb7e.fr\/?page_id=113\">Continue reading <span class=\"screen-reader-text\">Plan d\u2019acc\u00e8s et informations diverses<\/span><\/a><\/p>\n","protected":false},"author":1,"featured_media":0,"parent":0,"menu_order":0,"comment_status":"closed","ping_status":"closed","template":"","meta":{"footnotes":""},"class_list":["post-113","page","type-page","status-publish","hentry","entry"],"_links":{"self":[{"href":"https:\/\/xn--gtes-saint-vran-mnb7e.fr\/index.php?rest_route=\/wp\/v2\/pages\/113","targetHints":{"allow":["GET"]}}],"collection":[{"href":"https:\/\/xn--gtes-saint-vran-mnb7e.fr\/index.php?rest_route=\/wp\/v2\/pages"}],"about":[{"href":"https:\/\/xn--gtes-saint-vran-mnb7e.fr\/index.php?rest_route=\/wp\/v2\/types\/page"}],"author":[{"embeddable":true,"href":"https:\/\/xn--gtes-saint-vran-mnb7e.fr\/index.php?rest_route=\/wp\/v2\/users\/1"}],"replies":[{"embeddable":true,"href":"https:\/\/xn--gtes-saint-vran-mnb7e.fr\/index.php?rest_route=%2Fwp%2Fv2%2Fcomments&post=113"}],"version-history":[{"count":4,"href":"https:\/\/xn--gtes-saint-vran-mnb7e.fr\/index.php?rest_route=\/wp\/v2\/pages\/113\/revisions"}],"predecessor-version":[{"id":282,"href":"https:\/\/xn--gtes-saint-vran-mnb7e.fr\/index.php?rest_route=\/wp\/v2\/pages\/113\/revisions\/282"}],"wp:attachment":[{"href":"https:\/\/xn--gtes-saint-vran-mnb7e.fr\/index.php?rest_route=%2Fwp%2Fv2%2Fmedia&parent=113"}],"curies":[{"name":"wp","href":"https:\/\/api.w.org\/{rel}","templated":true}]}}