{"id":149,"date":"2023-05-20T17:40:30","date_gmt":"2023-05-20T15:40:30","guid":{"rendered":"http:\/\/xn--gtes-saint-vran-mnb7e.fr\/?page_id=149"},"modified":"2023-05-24T16:47:38","modified_gmt":"2023-05-24T14:47:38","slug":"obligations-legales","status":"publish","type":"page","link":"https:\/\/xn--gtes-saint-vran-mnb7e.fr\/?page_id=149","title":{"rendered":"Obligations l\u00e9gales"},"content":{"rendered":"\n<p>Selon l&#8217;article 6 de la loi n\u00b0 2004-575 du 21 juin 2004 pour la confiance dans l&#8217;\u00e9conomie num\u00e9rique, le site http:\/\/www.g\u00eetes-saint-v\u00e9ran.fr pr\u00e9cise ce qui suit :<\/p>\n\n\n\n<p>Propri\u00e9taire du site : Odile Walker 470, les hauts de Plambois 38140 Apprieu<br>Cr\u00e9ateur : Odile Walker<br>Responsable publication : Odile WALKER walker.go@orange.fr<br>Le responsable publication est une personne morale.<br>Webmaster : Odile WALKER walker.go@orange.fr<br>H\u00e9bergeur : OVH &#8211; 2 rue kellermann 59053 ROUBAIX CEDEX 1 &#8211; France<\/p>\n\n\n\n<h3 class=\"wp-block-heading\">Gestion des donn\u00e9es personnelles<\/h3>\n\n\n\n<p><strong>Ce site est uniquement informatif<\/strong> donc nous ne collectons aucunes donn\u00e9es personnelles et nous n\u2019utilisons pas de cookies&nbsp;.<\/p>\n\n\n\n<p><strong>Si les propositions d\u2019h\u00e9bergement que nous proposons correspondent \u00e0 vos attentes,il faut nous contacter directement par courriel ou par t\u00e9l\u00e9phone&nbsp;!<\/strong><\/p>\n","protected":false},"excerpt":{"rendered":"<p>Selon l&#8217;article 6 de la loi n\u00b0 2004-575 du 21 juin 2004 pour la confiance dans l&#8217;\u00e9conomie num\u00e9rique, le site http:\/\/www.g\u00eetes-saint-v\u00e9ran.fr pr\u00e9cise ce qui suit : Propri\u00e9taire du site : Odile Walker 470, les hauts de Plambois 38140 ApprieuCr\u00e9ateur : Odile WalkerResponsable publication : Odile WALKER walker.go@orange.frLe responsable publication est une personne morale.Webmaster : Odile&hellip; <a class=\"more-link\" href=\"https:\/\/xn--gtes-saint-vran-mnb7e.fr\/?page_id=149\">Continue reading <span class=\"screen-reader-text\">Obligations l\u00e9gales<\/span><\/a><\/p>\n","protected":false},"author":1,"featured_media":0,"parent":0,"menu_order":0,"comment_status":"closed","ping_status":"closed","template":"","meta":{"footnotes":""},"class_list":["post-149","page","type-page","status-publish","hentry","entry"],"_links":{"self":[{"href":"https:\/\/xn--gtes-saint-vran-mnb7e.fr\/index.php?rest_route=\/wp\/v2\/pages\/149","targetHints":{"allow":["GET"]}}],"collection":[{"href":"https:\/\/xn--gtes-saint-vran-mnb7e.fr\/index.php?rest_route=\/wp\/v2\/pages"}],"about":[{"href":"https:\/\/xn--gtes-saint-vran-mnb7e.fr\/index.php?rest_route=\/wp\/v2\/types\/page"}],"author":[{"embeddable":true,"href":"https:\/\/xn--gtes-saint-vran-mnb7e.fr\/index.php?rest_route=\/wp\/v2\/users\/1"}],"replies":[{"embeddable":true,"href":"https:\/\/xn--gtes-saint-vran-mnb7e.fr\/index.php?rest_route=%2Fwp%2Fv2%2Fcomments&post=149"}],"version-history":[{"count":2,"href":"https:\/\/xn--gtes-saint-vran-mnb7e.fr\/index.php?rest_route=\/wp\/v2\/pages\/149\/revisions"}],"predecessor-version":[{"id":152,"href":"https:\/\/xn--gtes-saint-vran-mnb7e.fr\/index.php?rest_route=\/wp\/v2\/pages\/149\/revisions\/152"}],"wp:attachment":[{"href":"https:\/\/xn--gtes-saint-vran-mnb7e.fr\/index.php?rest_route=%2Fwp%2Fv2%2Fmedia&parent=149"}],"curies":[{"name":"wp","href":"https:\/\/api.w.org\/{rel}","templated":true}]}}