{"id":49,"date":"2023-05-20T11:30:39","date_gmt":"2023-05-20T09:30:39","guid":{"rendered":"http:\/\/xn--gtes-saint-vran-mnb7e.fr\/?page_id=49"},"modified":"2023-05-24T17:03:13","modified_gmt":"2023-05-24T15:03:13","slug":"49-2","status":"publish","type":"page","link":"https:\/\/xn--gtes-saint-vran-mnb7e.fr\/","title":{"rendered":"Chalet &#8220;les Clarines&#8221;"},"content":{"rendered":"\n<h2 class=\"wp-block-heading\">                                              Chalet &#8221; les Clarines&#8221;<\/h2>\n\n\n\n<h2 class=\"wp-block-heading\">161,Rue du Villard  Saint V\u00e9ran 05350<\/h2>\n\n\n\n<p class=\"has-text-align-center\">                      Location G\u00eetes Ruraux de charme \u00e0 prix attractif au c\u0153ur du village de Saint-V\u00e9ran dans le Parc R\u00e9gional du Queyras.<\/p>\n\n\n\n<p class=\"has-text-align-center\">&nbsp; &nbsp; &nbsp; &nbsp; &nbsp; &nbsp; &nbsp; &nbsp;Ces g\u00eetes sont agr\u00e9es &#8220;G\u00eetes de France&#8221;et Pr\u00e9fecture des Hautes Alpes.<\/p>\n\n\n\n<p class=\"has-text-align-center\"><br>&nbsp; &nbsp; &nbsp; &nbsp; &nbsp; &nbsp; &nbsp; Altitude 2040 m:la plus haute commune d&#8217;Europe.<\/p>\n\n\n\n<p class=\"has-text-align-center\"><br>                  L&#8217;\u00e9t\u00e9:soleil,montagne et randonn\u00e9es et l&#8217;hiver tous les sports de neige sous un ciel de Provence.<\/p>\n\n\n\n<p class=\"has-text-align-center\"><br>&nbsp; &nbsp; &nbsp; &nbsp; &nbsp; &nbsp; &nbsp; &nbsp; &nbsp; Dans d&#8217;un chalet de construction traditionnelle dans le style du pays.<\/p>\n\n\n\n<p class=\"has-text-align-center\">                           Situ\u00e9 \u00e0 l&#8217;est du village, dans un quartier tr\u00e8s calme avec une vue imprenable sur les montagnes.<\/p>\n\n\n\n<p class=\"has-text-align-center\">Odile WALKER<br>&nbsp; &nbsp; &nbsp; 470,les Hauts de Plambois<br>&nbsp; &nbsp; 38140 APPRIEU<br>&nbsp; &nbsp; &nbsp; &nbsp; &nbsp;t\u00e9l: 04 76 65 14 06<br>&nbsp; &nbsp; &nbsp; &nbsp; &nbsp;&nbsp;portable: 06 78 05 17 63<br>&nbsp; &nbsp; &nbsp; &nbsp; <strong>&nbsp;&nbsp;walker.go@orange.fr<\/strong><\/p>\n\n\n\n<figure class=\"wp-block-image size-large is-resized\"><img loading=\"lazy\" decoding=\"async\" src=\"https:\/\/xn--gtes-saint-vran-mnb7e.fr\/wp-content\/uploads\/2023\/05\/7da6f5276f688759238d3f0830300e3e-1024x768.jpg\" alt=\"\" class=\"wp-image-127\" width=\"1201\" height=\"901\" srcset=\"https:\/\/xn--gtes-saint-vran-mnb7e.fr\/wp-content\/uploads\/2023\/05\/7da6f5276f688759238d3f0830300e3e-1024x768.jpg 1024w, https:\/\/xn--gtes-saint-vran-mnb7e.fr\/wp-content\/uploads\/2023\/05\/7da6f5276f688759238d3f0830300e3e-300x225.jpg 300w, https:\/\/xn--gtes-saint-vran-mnb7e.fr\/wp-content\/uploads\/2023\/05\/7da6f5276f688759238d3f0830300e3e-768x576.jpg 768w, https:\/\/xn--gtes-saint-vran-mnb7e.fr\/wp-content\/uploads\/2023\/05\/7da6f5276f688759238d3f0830300e3e-1536x1152.jpg 1536w, https:\/\/xn--gtes-saint-vran-mnb7e.fr\/wp-content\/uploads\/2023\/05\/7da6f5276f688759238d3f0830300e3e.jpg 1900w\" sizes=\"auto, (max-width: 1201px) 100vw, 1201px\" \/><\/figure>\n\n\n\n<h2 class=\"wp-block-heading\"><strong>Si les propositions d\u2019h\u00e9bergement que nous proposons correspondent \u00e0 vos attentes,il faut nous contacter directement par courriel ou par t\u00e9l\u00e9phone<\/strong>!<\/h2>\n\n\n\n<p><strong>Ce site est uniquement informatif<\/strong> donc nous ne collectons aucunes donn\u00e9es personnelles et nous n\u2019utilisons pas de cookies&nbsp;.<\/p>\n","protected":false},"excerpt":{"rendered":"<p>Chalet &#8221; les Clarines&#8221; 161,Rue du Villard Saint V\u00e9ran 05350 Location G\u00eetes Ruraux de charme \u00e0 prix attractif au c\u0153ur du village de Saint-V\u00e9ran dans le Parc R\u00e9gional du Queyras. &nbsp; &nbsp; &nbsp; &nbsp; &nbsp; &nbsp; &nbsp; &nbsp;Ces g\u00eetes sont agr\u00e9es &#8220;G\u00eetes de France&#8221;et Pr\u00e9fecture des Hautes Alpes. &nbsp; &nbsp; &nbsp; &nbsp; &nbsp; &nbsp; &nbsp;&hellip; <a class=\"more-link\" href=\"https:\/\/xn--gtes-saint-vran-mnb7e.fr\/\">Continue reading <span class=\"screen-reader-text\">Chalet &#8220;les Clarines&#8221;<\/span><\/a><\/p>\n","protected":false},"author":1,"featured_media":0,"parent":0,"menu_order":0,"comment_status":"closed","ping_status":"closed","template":"","meta":{"footnotes":""},"class_list":["post-49","page","type-page","status-publish","hentry","entry"],"_links":{"self":[{"href":"https:\/\/xn--gtes-saint-vran-mnb7e.fr\/index.php?rest_route=\/wp\/v2\/pages\/49","targetHints":{"allow":["GET"]}}],"collection":[{"href":"https:\/\/xn--gtes-saint-vran-mnb7e.fr\/index.php?rest_route=\/wp\/v2\/pages"}],"about":[{"href":"https:\/\/xn--gtes-saint-vran-mnb7e.fr\/index.php?rest_route=\/wp\/v2\/types\/page"}],"author":[{"embeddable":true,"href":"https:\/\/xn--gtes-saint-vran-mnb7e.fr\/index.php?rest_route=\/wp\/v2\/users\/1"}],"replies":[{"embeddable":true,"href":"https:\/\/xn--gtes-saint-vran-mnb7e.fr\/index.php?rest_route=%2Fwp%2Fv2%2Fcomments&post=49"}],"version-history":[{"count":15,"href":"https:\/\/xn--gtes-saint-vran-mnb7e.fr\/index.php?rest_route=\/wp\/v2\/pages\/49\/revisions"}],"predecessor-version":[{"id":267,"href":"https:\/\/xn--gtes-saint-vran-mnb7e.fr\/index.php?rest_route=\/wp\/v2\/pages\/49\/revisions\/267"}],"wp:attachment":[{"href":"https:\/\/xn--gtes-saint-vran-mnb7e.fr\/index.php?rest_route=%2Fwp%2Fv2%2Fmedia&parent=49"}],"curies":[{"name":"wp","href":"https:\/\/api.w.org\/{rel}","templated":true}]}}